{"id":2349,"date":"2020-09-30T20:07:20","date_gmt":"2020-09-30T18:07:20","guid":{"rendered":"https:\/\/mvd-koblenz.de\/?page_id=2349"},"modified":"2020-10-20T19:30:22","modified_gmt":"2020-10-20T17:30:22","slug":"ullis-saisonabschlussfahrt-oktober-2020","status":"publish","type":"page","link":"https:\/\/mvd-koblenz.de\/?page_id=2349","title":{"rendered":"Ulli&#8217;s Saisonabschlussfahrt Oktober 2020"},"content":{"rendered":"\n<p>Ulli hatte nicht nur eine sch\u00f6ne Strecke durch das Wiedtal erkundet, sondern auch zwei High-Lights als Attraktionen organisiert: Das Mittagessen wurde auf der Wied-Insel genommen. Danach ging es weiter nach Rheinbrohl zum R\u00f6mer-Museum. Und zwischendrin jede Menge Spa\u00df mit den Fahrzeugen, die wieder sehr sch\u00f6n gemischt waren, vom Munga \u00fcber K\u00fcbel, Jeep, Iltis bis hin zu zwei amerikanischen Sattelschleppern. An dem Treffen am 17.10.2020 nahmen rund 25 Fahrzeuge teil<strong>.<\/strong> Die Bilder zu dieser gelungenen Ausfahrt findest Du im Untermen\u00fc &#8222;Ulli&#8217;s Rundfahrt Oktober 2020&#8220;.<\/p>\n\n\n\n<p>Hier siehst Du ein Video aus Bildern der Veranstaltung (leider nur per Link erreichbar, da die Video-Datei zu gro\u00df geworden ist) &#8211; bitte clicke einfach auf den Link.<\/p>\n\n\n\n<p><a href=\"https:\/\/youtu.be\/k4fY8C5Nc5E \"><span class=\"has-inline-color has-vivid-cyan-blue-color\">https:\/\/youtu.be\/k4fY8C5Nc5E <\/span><\/a><\/p>\n","protected":false},"excerpt":{"rendered":"<p>Ulli hatte nicht nur eine sch\u00f6ne Strecke durch das Wiedtal erkundet, sondern auch zwei High-Lights als Attraktionen organisiert: Das Mittagessen wurde auf der Wied-Insel genommen. Danach ging es weiter nach Rheinbrohl zum R\u00f6mer-Museum. Und zwischendrin jede Menge Spa\u00df mit den Fahrzeugen, die wieder sehr sch\u00f6n gemischt waren, vom Munga \u00fcber K\u00fcbel, Jeep, Iltis bis hin &hellip; <\/p>\n<p><a class=\"more-link btn\" href=\"https:\/\/mvd-koblenz.de\/?page_id=2349\">Weiterlesen<\/a><\/p>\n","protected":false},"author":12,"featured_media":0,"parent":0,"menu_order":0,"comment_status":"closed","ping_status":"closed","template":"","meta":{"footnotes":""},"_links":{"self":[{"href":"https:\/\/mvd-koblenz.de\/index.php?rest_route=\/wp\/v2\/pages\/2349"}],"collection":[{"href":"https:\/\/mvd-koblenz.de\/index.php?rest_route=\/wp\/v2\/pages"}],"about":[{"href":"https:\/\/mvd-koblenz.de\/index.php?rest_route=\/wp\/v2\/types\/page"}],"author":[{"embeddable":true,"href":"https:\/\/mvd-koblenz.de\/index.php?rest_route=\/wp\/v2\/users\/12"}],"replies":[{"embeddable":true,"href":"https:\/\/mvd-koblenz.de\/index.php?rest_route=%2Fwp%2Fv2%2Fcomments&post=2349"}],"version-history":[{"count":14,"href":"https:\/\/mvd-koblenz.de\/index.php?rest_route=\/wp\/v2\/pages\/2349\/revisions"}],"predecessor-version":[{"id":2453,"href":"https:\/\/mvd-koblenz.de\/index.php?rest_route=\/wp\/v2\/pages\/2349\/revisions\/2453"}],"wp:attachment":[{"href":"https:\/\/mvd-koblenz.de\/index.php?rest_route=%2Fwp%2Fv2%2Fmedia&parent=2349"}],"curies":[{"name":"wp","href":"https:\/\/api.w.org\/{rel}","templated":true}]}}