{"id":2134,"date":"2020-07-16T16:58:02","date_gmt":"2020-07-16T14:58:02","guid":{"rendered":"https:\/\/mvd-koblenz.de\/?page_id=2134"},"modified":"2024-03-21T15:20:54","modified_gmt":"2024-03-21T13:20:54","slug":"ueber-uns","status":"publish","type":"page","link":"https:\/\/mvd-koblenz.de\/?page_id=2134","title":{"rendered":"\u00dcber uns"},"content":{"rendered":"\n<p>Informationen zum Verein MVD Koblenz e.V., seine Entstehung sowie sein Selbstverst\u00e4ndnis. Und nat\u00fcrlich auch einiges zum Thema historische Milit\u00e4rfahrzeuge.<\/p>\n\n\n\n<p>Der MVD wurde im Jahre 2009 in Koblenz gegr\u00fcndet und hat heute etwas mehr als 70 aktive Mitglieder, die fast alle eigene historische Milit\u00e4rfahrzeuge besitzen und als Hobby betreiben. Der MVD ist in der Szene insbesondere durch die seit nun mehr als zwei Dekaden stattfindende &#8222;Schmidtenh\u00f6he&#8220; weithin bekannt geworden.<\/p>\n\n\n\n<p>Bei uns finden sich Liebhaber junger und alter Oldtimer und Youngtimer, die Fahrzeuge aus diversen Epochen und verschiedener Armeen (nicht zwingend nur US Army) flotthalten.<\/p>\n\n\n\n<p>Im \u00dcbrigen sind wir recht stolz darauf, da\u00df das legend\u00e4re Milit\u00e4rfahrzeugtreffen auf der &#8222;Schmidtenh\u00f6he&#8220;, die auf einer der Anh\u00f6hen \u00f6stlich von Koblenz, n\u00f6rdlich von Bad Ems und am Rande der Denzerheide (wo sich auch ein sehr sch\u00f6n angelegter Golfplatz befindet), im doppeldeutigem Sinne dem &#8222;gr\u00fcnen&#8220; Engagement gewidmet ist. In erster Linie ist dieses Event nat\u00fcrlich dazu da, die unterschiedlichsten Fahrzeuge auch wieder einmal &#8222;artgerecht&#8220; zu bewegen. Andererseits weist der Nabu, der die Schmidtenh\u00f6he nach dem Abzug der Bundeswehr von ihrem seinerzeitigen Truppen\u00fcbungsplatz nun bewirtschaftet und auf eine vielseitige Flora und Fauna achtet, bestimmte Trassen aus, auf denen unsere Fahrzeuge ausschlie\u00dflich bewegt werden d\u00fcrfen. Also auch auf diesem Gel\u00e4nde kann man nicht machen, was man will &#8211; die Trassen dienen der aktiven Landschaftsgestaltung und sorgen daf\u00fcr, da\u00df sich eine Vielzahl von Pflanzen ansiedeln und halten k\u00f6nnen.<\/p>\n\n\n\n<p>Ganz aktuell haben sich rund 20 Vereinsmitglieder aktiv bei der Flutkatastrophe in der Eifel als freiwillige Helfer engagiert &#8211; auch das macht den MVD aus.<\/p>\n\n\n\n<p>Schau doch einmal bei uns rein, wenn wir Dein Interesse wecken konnten.<\/p>\n\n\n\n<p><\/p>\n\n\n\n<p><\/p>\n","protected":false},"excerpt":{"rendered":"<p>Informationen zum Verein MVD Koblenz e.V., seine Entstehung sowie sein Selbstverst\u00e4ndnis. Und nat\u00fcrlich auch einiges zum Thema historische Milit\u00e4rfahrzeuge. Der MVD wurde im Jahre 2009 in Koblenz gegr\u00fcndet und hat heute etwas mehr als 70 aktive Mitglieder, die fast alle eigene historische Milit\u00e4rfahrzeuge besitzen und als Hobby betreiben. Der MVD ist in der Szene insbesondere &hellip; <\/p>\n<p><a class=\"more-link btn\" href=\"https:\/\/mvd-koblenz.de\/?page_id=2134\">Weiterlesen<\/a><\/p>\n","protected":false},"author":12,"featured_media":0,"parent":0,"menu_order":0,"comment_status":"closed","ping_status":"closed","template":"","meta":{"footnotes":""},"_links":{"self":[{"href":"https:\/\/mvd-koblenz.de\/index.php?rest_route=\/wp\/v2\/pages\/2134"}],"collection":[{"href":"https:\/\/mvd-koblenz.de\/index.php?rest_route=\/wp\/v2\/pages"}],"about":[{"href":"https:\/\/mvd-koblenz.de\/index.php?rest_route=\/wp\/v2\/types\/page"}],"author":[{"embeddable":true,"href":"https:\/\/mvd-koblenz.de\/index.php?rest_route=\/wp\/v2\/users\/12"}],"replies":[{"embeddable":true,"href":"https:\/\/mvd-koblenz.de\/index.php?rest_route=%2Fwp%2Fv2%2Fcomments&post=2134"}],"version-history":[{"count":7,"href":"https:\/\/mvd-koblenz.de\/index.php?rest_route=\/wp\/v2\/pages\/2134\/revisions"}],"predecessor-version":[{"id":3135,"href":"https:\/\/mvd-koblenz.de\/index.php?rest_route=\/wp\/v2\/pages\/2134\/revisions\/3135"}],"wp:attachment":[{"href":"https:\/\/mvd-koblenz.de\/index.php?rest_route=%2Fwp%2Fv2%2Fmedia&parent=2134"}],"curies":[{"name":"wp","href":"https:\/\/api.w.org\/{rel}","templated":true}]}}