{"id":2128,"date":"2020-07-16T15:40:44","date_gmt":"2020-07-16T13:40:44","guid":{"rendered":"https:\/\/mvd-koblenz.de\/?page_id=2128"},"modified":"2020-07-16T15:57:58","modified_gmt":"2020-07-16T13:57:58","slug":"links","status":"publish","type":"page","link":"https:\/\/mvd-koblenz.de\/?page_id=2128","title":{"rendered":"Links"},"content":{"rendered":"\n<p>Hier findest Du weiterf\u00fchrende Links, die entweder zu Sites von Mitgliedern des MVD, zu Sites anderer Vereine, zu H\u00e4ndlern f\u00fcr Ersatzteile, zu Spezialisten (z.B. Werkst\u00e4tten), die sich um unser Hobby k\u00fcmmern, zu Sites von Herstellern oder auch zu allen anderen Sitebetreibern, die etwas mit unserem Interesse zu tun haben, f\u00fchren.<\/p>\n\n\n\n<p>Auch wenn der MVD Koblenz von seiner (dieser) Site zu anderen Sites externer Betreiber verlinkt, verweisen wir darauf, da\u00df wir weder f\u00fcr deren Inhalte verantwortlich sind, noch dort formulierte Tatbest\u00e4nde oder Meinungen grunds\u00e4tzlich teilen. Da\u00df wir Dir jene Links anbieten, stellt einen Service f\u00fcr Dich dar, damit Du Dich umfassend informieren oder auch Kontakte herstellen kannst. Von keinem Betreiber der hier verlinkten Sites erh\u00e4lt der MVD Koblenz e.V. eine verg\u00fctung oder geldwerte Vorteile (wenn von dieser pr\u00e4misse abgewichen wird, weist der MVD in geeigneter Weise darauf hin).<\/p>\n\n\n\n<p>Dieser Men\u00fcpunkt befindet sich aktuell in der \u00dcberarbeitung. Bitte schaue mal wieder vorbei&#8230;<\/p>\n","protected":false},"excerpt":{"rendered":"<p>Hier findest Du weiterf\u00fchrende Links, die entweder zu Sites von Mitgliedern des MVD, zu Sites anderer Vereine, zu H\u00e4ndlern f\u00fcr Ersatzteile, zu Spezialisten (z.B. Werkst\u00e4tten), die sich um unser Hobby k\u00fcmmern, zu Sites von Herstellern oder auch zu allen anderen Sitebetreibern, die etwas mit unserem Interesse zu tun haben, f\u00fchren. Auch wenn der MVD Koblenz &hellip; <\/p>\n<p><a class=\"more-link btn\" href=\"https:\/\/mvd-koblenz.de\/?page_id=2128\">Weiterlesen<\/a><\/p>\n","protected":false},"author":12,"featured_media":0,"parent":0,"menu_order":0,"comment_status":"closed","ping_status":"closed","template":"","meta":{"footnotes":""},"_links":{"self":[{"href":"https:\/\/mvd-koblenz.de\/index.php?rest_route=\/wp\/v2\/pages\/2128"}],"collection":[{"href":"https:\/\/mvd-koblenz.de\/index.php?rest_route=\/wp\/v2\/pages"}],"about":[{"href":"https:\/\/mvd-koblenz.de\/index.php?rest_route=\/wp\/v2\/types\/page"}],"author":[{"embeddable":true,"href":"https:\/\/mvd-koblenz.de\/index.php?rest_route=\/wp\/v2\/users\/12"}],"replies":[{"embeddable":true,"href":"https:\/\/mvd-koblenz.de\/index.php?rest_route=%2Fwp%2Fv2%2Fcomments&post=2128"}],"version-history":[{"count":3,"href":"https:\/\/mvd-koblenz.de\/index.php?rest_route=\/wp\/v2\/pages\/2128\/revisions"}],"predecessor-version":[{"id":2132,"href":"https:\/\/mvd-koblenz.de\/index.php?rest_route=\/wp\/v2\/pages\/2128\/revisions\/2132"}],"wp:attachment":[{"href":"https:\/\/mvd-koblenz.de\/index.php?rest_route=%2Fwp%2Fv2%2Fmedia&parent=2128"}],"curies":[{"name":"wp","href":"https:\/\/api.w.org\/{rel}","templated":true}]}}